{"id":7998,"date":"2025-10-08T17:13:38","date_gmt":"2025-10-08T15:13:38","guid":{"rendered":"https:\/\/www.sud-expertise.fr\/rechtliche-hinweise\/"},"modified":"2025-11-03T11:58:34","modified_gmt":"2025-11-03T10:58:34","slug":"rechtliche-hinweise","status":"publish","type":"page","link":"https:\/\/www.sud-expertise.fr\/de\/rechtliche-hinweise\/","title":{"rendered":"Rechtliche Hinweise"},"content":{"rendered":"\n<h1 class=\"wp-block-heading\">RECHTLICHE HINWEISE <\/h1>\n\n<h3 class=\"wp-block-heading\">SEITENINHABER<\/h3>\n\n<p>Sud Expertise &#8211; <a href=\"https:\/\/www.google.com\/maps\/place\/\/data=!4m2!3m1!1s0x12b5f78ba5f5a583:0x6d977ddb35af88c9?sa=X&amp;ved=1t:8290&amp;ictx=111\">Boulevard Saint-Michel 8a &#8211; 84000 Avignon<\/a><br\/>Siret: 90506060400014 &#8211; 905 060 604 Handelsregister Avignon<\/p>\n\n<h3 class=\"wp-block-heading\">HOSTING-ANBIETER<\/h3>\n\n<p>OVH \u2013 SAS mit einem Kapital von 10.059.500 \u20ac \u2013 Handelsregister Lille M\u00e9tropole 424 761 419 00045 \u2013 APE-Code 6202A \u2013 USt-IdNr.: FR 22 424 761 419<br\/>Sitz der Gesellschaft: Kellermannstra\u00dfe 2 \u2013 59100 Roubaix \u2013 Frankreich.<\/p>\n\n<h3 class=\"wp-block-heading\">KONZEPTION\/UMSETZUNG<\/h3>\n\n<p>Ar\u00f4me \u2013 <a href=\"https:\/\/www.arome.fr\/\" target=\"_blank\" rel=\"noreferrer noopener\">Website-Erstellung Avignon<\/a> \u2013 Sitz der Gesellschaft: Chemin de Chaffard 339 \u2013 84 270 Ved\u00e8ne \u2013 Telefon: 04 90 03 21 22 \u2013 www.arome.fr<\/p>\n\n<h3 class=\"wp-block-heading\">URHEBERRECHTE<\/h3>\n\n<p>Die Gesamtheit dieser Website unterliegt der franz\u00f6sischen und internationalen Gesetzgebung zum Urheberrecht und geistigen Eigentum. Alle Vervielf\u00e4ltigungsrechte sind vorbehalten, einschlie\u00dflich f\u00fcr herunterladbare Dokumente sowie ikonografische und fotografische Darstellungen. Die Vervielf\u00e4ltigung dieser Website, ganz oder teilweise, auf jeglichem elektronischen Medium ist strengstens untersagt<\/p>\n\n<h3 class=\"wp-block-heading\">ZUGANG ZUR WEBSITE<\/h3>\n\n<p>Der Nutzer dieser Website best\u00e4tigt, \u00fcber die erforderlichen Kenntnisse und Mittel f\u00fcr den Zugriff und die Nutzung dieser Website zu verf\u00fcgen. Ar\u00f4me kann nicht f\u00fcr Elemente au\u00dferhalb ihrer Kontrolle und f\u00fcr Sch\u00e4den haftbar gemacht werden, die m\u00f6glicherweise der technischen Umgebung des Nutzers entstehen, insbesondere seinen Computern, Software, Netzwerkausr\u00fcstung und jedem anderen Material, das f\u00fcr den Zugriff oder die Nutzung des Dienstes und\/oder der Informationen verwendet wird. Es wird darauf hingewiesen, dass das betr\u00fcgerische Eindringen oder Verbleiben in einem Computersystem, das Beeintr\u00e4chtigen oder Verf\u00e4lschen der Funktionsweise eines solchen Systems, das betr\u00fcgerische Einf\u00fcgen oder \u00c4ndern von Daten in einem Computersystem Straftaten darstellen, die mit strafrechtlichen Sanktionen belegt werden k\u00f6nnen.<\/p>\n\n<h3 class=\"wp-block-heading\">INHALT DER WEBSITE<\/h3>\n\n<p>Ar\u00f4me beh\u00e4lt sich das Recht vor, den Inhalt dieser Website jederzeit und ohne vorherige Ank\u00fcndigung zu korrigieren. Dar\u00fcber hinaus lehnt Ar\u00f4me jede Verantwortung im Falle von Verz\u00f6gerungen, Fehlern oder Auslassungen bez\u00fcglich des Inhalts dieser Seiten sowie im Falle einer Unterbrechung oder Nichtverf\u00fcgbarkeit des Dienstes ab.<\/p>\n\n<h3 class=\"wp-block-heading\">ERHOBENE PERSONENBEZOGENE DATEN AUF DER WEBSITE<\/h3>\n\n<p>Alle auf dieser Website gesammelten Daten, gleich auf welchem Wege, sind ausschlie\u00dflich zur Nutzung durch Ar\u00f4me bestimmt. Sie haben jedoch ein Recht auf Auskunft und Berichtigung Ihrer Daten gem\u00e4\u00df den Bestimmungen von Artikel 34 des Gesetzes 78-17 vom 6. Januar 1978 \u00fcber Informatik und Freiheiten.<\/p>\n\n<p><\/p>\n\n<p><\/p>\n\n<p><\/p>\n\n<p><\/p>\n\n<p><\/p>\n\n<p><\/p>\n\n<p><\/p>\n\n<p><\/p>\n\n<p><\/p>\n","protected":false},"excerpt":{"rendered":"<p>RECHTLICHE HINWEISE SEITENINHABER Sud Expertise &#8211; Boulevard Saint-Michel 8a &#8211; 84000 AvignonSiret: 90506060400014 &#8211; 905 060 604 Handelsregister Avignon HOSTING-ANBIETER OVH \u2013 SAS mit einem Kapital von 10.059.500 \u20ac \u2013 Handelsregister Lille M\u00e9tropole 424 761 419 00045 \u2013 APE-Code 6202A \u2013 USt-IdNr.: FR 22 424 761 419Sitz der Gesellschaft: Kellermannstra\u00dfe 2 \u2013 59100 Roubaix \u2013 [&hellip;]<\/p>\n","protected":false},"author":1,"featured_media":0,"parent":0,"menu_order":0,"comment_status":"closed","ping_status":"open","template":"","meta":{"footnotes":""},"class_list":["post-7998","page","type-page","status-publish","hentry"],"yoast_head":"<!-- This site is optimized with the Yoast SEO plugin v26.0 - https:\/\/yoast.com\/wordpress\/plugins\/seo\/ -->\n<title>Rechtliche Hinweise - Sud Expertise immobili\u00e8re<\/title>\n<meta name=\"robots\" content=\"index, follow, max-snippet:-1, max-image-preview:large, max-video-preview:-1\" \/>\n<link rel=\"canonical\" href=\"https:\/\/www.sud-expertise.fr\/de\/rechtliche-hinweise\/\" \/>\n<meta property=\"og:locale\" content=\"de_DE\" \/>\n<meta property=\"og:type\" content=\"article\" \/>\n<meta property=\"og:title\" content=\"Rechtliche Hinweise - Sud Expertise immobili\u00e8re\" \/>\n<meta property=\"og:description\" content=\"RECHTLICHE HINWEISE SEITENINHABER Sud Expertise &#8211; Boulevard Saint-Michel 8a &#8211; 84000 AvignonSiret: 90506060400014 &#8211; 905 060 604 Handelsregister Avignon HOSTING-ANBIETER OVH \u2013 SAS mit einem Kapital von 10.059.500 \u20ac \u2013 Handelsregister Lille M\u00e9tropole 424 761 419 00045 \u2013 APE-Code 6202A \u2013 USt-IdNr.: FR 22 424 761 419Sitz der Gesellschaft: Kellermannstra\u00dfe 2 \u2013 59100 Roubaix \u2013 [&hellip;]\" \/>\n<meta property=\"og:url\" content=\"https:\/\/www.sud-expertise.fr\/de\/rechtliche-hinweise\/\" \/>\n<meta property=\"og:site_name\" content=\"Sud Expertise immobili\u00e8re\" \/>\n<meta property=\"article:modified_time\" content=\"2025-11-03T10:58:34+00:00\" \/>\n<meta name=\"twitter:card\" content=\"summary_large_image\" \/>\n<meta name=\"twitter:label1\" content=\"Gesch\u00e4tzte Lesezeit\" \/>\n\t<meta name=\"twitter:data1\" content=\"2\u00a0Minuten\" \/>\n<script type=\"application\/ld+json\" class=\"yoast-schema-graph\">{\"@context\":\"https:\/\/schema.org\",\"@graph\":[{\"@type\":\"WebPage\",\"@id\":\"https:\/\/www.sud-expertise.fr\/de\/rechtliche-hinweise\/\",\"url\":\"https:\/\/www.sud-expertise.fr\/de\/rechtliche-hinweise\/\",\"name\":\"Rechtliche Hinweise - Sud Expertise immobili\u00e8re\",\"isPartOf\":{\"@id\":\"https:\/\/www.sud-expertise.fr\/de\/#website\"},\"datePublished\":\"2025-10-08T15:13:38+00:00\",\"dateModified\":\"2025-11-03T10:58:34+00:00\",\"breadcrumb\":{\"@id\":\"https:\/\/www.sud-expertise.fr\/de\/rechtliche-hinweise\/#breadcrumb\"},\"inLanguage\":\"de\",\"potentialAction\":[{\"@type\":\"ReadAction\",\"target\":[\"https:\/\/www.sud-expertise.fr\/de\/rechtliche-hinweise\/\"]}]},{\"@type\":\"BreadcrumbList\",\"@id\":\"https:\/\/www.sud-expertise.fr\/de\/rechtliche-hinweise\/#breadcrumb\",\"itemListElement\":[{\"@type\":\"ListItem\",\"position\":1,\"name\":\"Accueil\",\"item\":\"https:\/\/www.sud-expertise.fr\/de\/\"},{\"@type\":\"ListItem\",\"position\":2,\"name\":\"Rechtliche Hinweise\"}]},{\"@type\":\"WebSite\",\"@id\":\"https:\/\/www.sud-expertise.fr\/de\/#website\",\"url\":\"https:\/\/www.sud-expertise.fr\/de\/\",\"name\":\"Sud Expertise immobili\u00e8re\",\"description\":\"\",\"potentialAction\":[{\"@type\":\"SearchAction\",\"target\":{\"@type\":\"EntryPoint\",\"urlTemplate\":\"https:\/\/www.sud-expertise.fr\/de\/?s={search_term_string}\"},\"query-input\":{\"@type\":\"PropertyValueSpecification\",\"valueRequired\":true,\"valueName\":\"search_term_string\"}}],\"inLanguage\":\"de\"}]}<\/script>\n<!-- \/ Yoast SEO plugin. -->","yoast_head_json":{"title":"Rechtliche Hinweise - Sud Expertise immobili\u00e8re","robots":{"index":"index","follow":"follow","max-snippet":"max-snippet:-1","max-image-preview":"max-image-preview:large","max-video-preview":"max-video-preview:-1"},"canonical":"https:\/\/www.sud-expertise.fr\/de\/rechtliche-hinweise\/","og_locale":"de_DE","og_type":"article","og_title":"Rechtliche Hinweise - Sud Expertise immobili\u00e8re","og_description":"RECHTLICHE HINWEISE SEITENINHABER Sud Expertise &#8211; Boulevard Saint-Michel 8a &#8211; 84000 AvignonSiret: 90506060400014 &#8211; 905 060 604 Handelsregister Avignon HOSTING-ANBIETER OVH \u2013 SAS mit einem Kapital von 10.059.500 \u20ac \u2013 Handelsregister Lille M\u00e9tropole 424 761 419 00045 \u2013 APE-Code 6202A \u2013 USt-IdNr.: FR 22 424 761 419Sitz der Gesellschaft: Kellermannstra\u00dfe 2 \u2013 59100 Roubaix \u2013 [&hellip;]","og_url":"https:\/\/www.sud-expertise.fr\/de\/rechtliche-hinweise\/","og_site_name":"Sud Expertise immobili\u00e8re","article_modified_time":"2025-11-03T10:58:34+00:00","twitter_card":"summary_large_image","twitter_misc":{"Gesch\u00e4tzte Lesezeit":"2\u00a0Minuten"},"schema":{"@context":"https:\/\/schema.org","@graph":[{"@type":"WebPage","@id":"https:\/\/www.sud-expertise.fr\/de\/rechtliche-hinweise\/","url":"https:\/\/www.sud-expertise.fr\/de\/rechtliche-hinweise\/","name":"Rechtliche Hinweise - Sud Expertise immobili\u00e8re","isPartOf":{"@id":"https:\/\/www.sud-expertise.fr\/de\/#website"},"datePublished":"2025-10-08T15:13:38+00:00","dateModified":"2025-11-03T10:58:34+00:00","breadcrumb":{"@id":"https:\/\/www.sud-expertise.fr\/de\/rechtliche-hinweise\/#breadcrumb"},"inLanguage":"de","potentialAction":[{"@type":"ReadAction","target":["https:\/\/www.sud-expertise.fr\/de\/rechtliche-hinweise\/"]}]},{"@type":"BreadcrumbList","@id":"https:\/\/www.sud-expertise.fr\/de\/rechtliche-hinweise\/#breadcrumb","itemListElement":[{"@type":"ListItem","position":1,"name":"Accueil","item":"https:\/\/www.sud-expertise.fr\/de\/"},{"@type":"ListItem","position":2,"name":"Rechtliche Hinweise"}]},{"@type":"WebSite","@id":"https:\/\/www.sud-expertise.fr\/de\/#website","url":"https:\/\/www.sud-expertise.fr\/de\/","name":"Sud Expertise immobili\u00e8re","description":"","potentialAction":[{"@type":"SearchAction","target":{"@type":"EntryPoint","urlTemplate":"https:\/\/www.sud-expertise.fr\/de\/?s={search_term_string}"},"query-input":{"@type":"PropertyValueSpecification","valueRequired":true,"valueName":"search_term_string"}}],"inLanguage":"de"}]}},"_links":{"self":[{"href":"https:\/\/www.sud-expertise.fr\/de\/wp-json\/wp\/v2\/pages\/7998","targetHints":{"allow":["GET"]}}],"collection":[{"href":"https:\/\/www.sud-expertise.fr\/de\/wp-json\/wp\/v2\/pages"}],"about":[{"href":"https:\/\/www.sud-expertise.fr\/de\/wp-json\/wp\/v2\/types\/page"}],"author":[{"embeddable":true,"href":"https:\/\/www.sud-expertise.fr\/de\/wp-json\/wp\/v2\/users\/1"}],"replies":[{"embeddable":true,"href":"https:\/\/www.sud-expertise.fr\/de\/wp-json\/wp\/v2\/comments?post=7998"}],"version-history":[{"count":1,"href":"https:\/\/www.sud-expertise.fr\/de\/wp-json\/wp\/v2\/pages\/7998\/revisions"}],"predecessor-version":[{"id":7999,"href":"https:\/\/www.sud-expertise.fr\/de\/wp-json\/wp\/v2\/pages\/7998\/revisions\/7999"}],"wp:attachment":[{"href":"https:\/\/www.sud-expertise.fr\/de\/wp-json\/wp\/v2\/media?parent=7998"}],"curies":[{"name":"wp","href":"https:\/\/api.w.org\/{rel}","templated":true}]}}