{"id":7994,"date":"2025-10-08T17:13:38","date_gmt":"2025-10-08T15:13:38","guid":{"rendered":"https:\/\/www.sud-expertise.fr\/note-legali\/"},"modified":"2025-11-03T11:58:24","modified_gmt":"2025-11-03T10:58:24","slug":"note-legali","status":"publish","type":"page","link":"https:\/\/www.sud-expertise.fr\/it\/note-legali\/","title":{"rendered":"Note Legali"},"content":{"rendered":"\n<h1 class=\"wp-block-heading\">NOTE LEGALI <\/h1>\n\n<h3 class=\"wp-block-heading\">PROPRIETARIO DEL SITO<\/h3>\n\n<p>Sud Expertise &#8211; <a href=\"https:\/\/www.google.com\/maps\/place\/\/data=!4m2!3m1!1s0x12b5f78ba5f5a583:0x6d977ddb35af88c9?sa=X&amp;ved=1t:8290&amp;ictx=111\">8 bis Bd Saint-Michel &#8211; 84000 Avignon<\/a><br\/>Siret: 90506060400014 &#8211; 905 060 604 R.C.S. Avignon<\/p>\n\n<h3 class=\"wp-block-heading\">HOSTING<\/h3>\n\n<p>OVH \u2013 S.A.S. con capitale sociale di 10.059.500 \u20ac \u2013 RCS Lille M\u00e9tropole 424 761 419 00045 \u2013 Codice APE 6202A \u2013 P.IVA: FR 22 424 761 419<br\/>Sede legale: 2 rue Kellermann \u2013 59100 Roubaix \u2013 Francia.<\/p>\n\n<h3 class=\"wp-block-heading\">PROGETTAZIONE\/REALIZZAZIONE<\/h3>\n\n<p>Ar\u00f4me \u2013 <a href=\"https:\/\/www.arome.fr\/\" target=\"_blank\" rel=\"noreferrer noopener\">Creazione siti web Avignone<\/a> \u2013 Sede legale: 339, chemin de Chaffard \u2013 84 270 Ved\u00e8ne\u2013 Telefono: 04 90 03 21 22 \u2013 www.arome.fr<\/p>\n\n<h3 class=\"wp-block-heading\">DIRITTI D&#8217;AUTORE<\/h3>\n\n<p>L&#8217;intero contenuto di questo sito \u00e8 soggetto alla legislazione francese e internazionale sul diritto d&#8217;autore e la propriet\u00e0 intellettuale. Tutti i diritti di riproduzione sono riservati, inclusi quelli per i documenti scaricabili e le rappresentazioni iconografiche e fotografiche. La riproduzione totale o parziale di questo sito su qualsiasi supporto elettronico \u00e8 severamente vietata<\/p>\n\n<h3 class=\"wp-block-heading\">ACCESSO AL SITO<\/h3>\n\n<p>L&#8217;utente di questo sito riconosce di possedere le competenze e i mezzi necessari per accedervi e utilizzarlo. Ar\u00f4me non potr\u00e0 essere ritenuta responsabile per elementi al di fuori del proprio controllo e per eventuali danni che potrebbero essere subiti dall&#8217;ambiente tecnico dell&#8217;utente, inclusi, a titolo esemplificativo, i suoi computer, software, apparecchiature di rete e qualsiasi altro materiale utilizzato per accedere o utilizzare il servizio e\/o le informazioni. Si ricorda che l&#8217;accesso o il mantenimento fraudolento in un sistema informatico, l&#8217;ostacolo o la falsificazione del funzionamento di tale sistema, l&#8217;introduzione o la modifica fraudolenta di dati in un sistema informatico costituiscono reati punibili con sanzioni penali.<\/p>\n\n<h3 class=\"wp-block-heading\">CONTENUTO DEL SITO<\/h3>\n\n<p>Ar\u00f4me si riserva il diritto di correggere, in qualsiasi momento e senza preavviso, il contenuto di questo sito. Inoltre, Ar\u00f4me declina ogni responsabilit\u00e0 in caso di ritardo, errore o omissione riguardo al contenuto delle presenti pagine, cos\u00ec come in caso di interruzione o indisponibilit\u00e0 del servizio.<\/p>\n\n<h3 class=\"wp-block-heading\">DATI PERSONALI RACCOLTI SUL SITO<\/h3>\n\n<p>Tutti i dati raccolti su questo sito, con qualsiasi mezzo, sono ad uso esclusivo di Ar\u00f4me. Beneficiate tuttavia di un diritto di informazione e rettifica sui dati che vi riguardano, ai sensi delle disposizioni dell&#8217;articolo 34 della legge 78-17 del 6 gennaio 1978 sull&#8217;informatica e le libert\u00e0.<\/p>\n\n<p><\/p>\n\n<p><\/p>\n\n<p><\/p>\n\n<p><\/p>\n\n<p><\/p>\n\n<p><\/p>\n\n<p><\/p>\n\n<p><\/p>\n\n<p><\/p>\n","protected":false},"excerpt":{"rendered":"<p>NOTE LEGALI PROPRIETARIO DEL SITO Sud Expertise &#8211; 8 bis Bd Saint-Michel &#8211; 84000 AvignonSiret: 90506060400014 &#8211; 905 060 604 R.C.S. Avignon HOSTING OVH \u2013 S.A.S. con capitale sociale di 10.059.500 \u20ac \u2013 RCS Lille M\u00e9tropole 424 761 419 00045 \u2013 Codice APE 6202A \u2013 P.IVA: FR 22 424 761 419Sede legale: 2 rue Kellermann [&hellip;]<\/p>\n","protected":false},"author":1,"featured_media":0,"parent":0,"menu_order":0,"comment_status":"closed","ping_status":"open","template":"","meta":{"footnotes":""},"class_list":["post-7994","page","type-page","status-publish","hentry"],"yoast_head":"<!-- This site is optimized with the Yoast SEO plugin v26.0 - https:\/\/yoast.com\/wordpress\/plugins\/seo\/ -->\n<title>Note Legali - Sud Expertise immobili\u00e8re<\/title>\n<meta name=\"robots\" content=\"index, follow, max-snippet:-1, max-image-preview:large, max-video-preview:-1\" \/>\n<link rel=\"canonical\" href=\"https:\/\/www.sud-expertise.fr\/it\/note-legali\/\" \/>\n<meta property=\"og:locale\" content=\"it_IT\" \/>\n<meta property=\"og:type\" content=\"article\" \/>\n<meta property=\"og:title\" content=\"Note Legali - Sud Expertise immobili\u00e8re\" \/>\n<meta property=\"og:description\" content=\"NOTE LEGALI PROPRIETARIO DEL SITO Sud Expertise &#8211; 8 bis Bd Saint-Michel &#8211; 84000 AvignonSiret: 90506060400014 &#8211; 905 060 604 R.C.S. Avignon HOSTING OVH \u2013 S.A.S. con capitale sociale di 10.059.500 \u20ac \u2013 RCS Lille M\u00e9tropole 424 761 419 00045 \u2013 Codice APE 6202A \u2013 P.IVA: FR 22 424 761 419Sede legale: 2 rue Kellermann [&hellip;]\" \/>\n<meta property=\"og:url\" content=\"https:\/\/www.sud-expertise.fr\/it\/note-legali\/\" \/>\n<meta property=\"og:site_name\" content=\"Sud Expertise immobili\u00e8re\" \/>\n<meta property=\"article:modified_time\" content=\"2025-11-03T10:58:24+00:00\" \/>\n<meta name=\"twitter:card\" content=\"summary_large_image\" \/>\n<meta name=\"twitter:label1\" content=\"Tempo di lettura stimato\" \/>\n\t<meta name=\"twitter:data1\" content=\"2 minuti\" \/>\n<script type=\"application\/ld+json\" class=\"yoast-schema-graph\">{\"@context\":\"https:\/\/schema.org\",\"@graph\":[{\"@type\":\"WebPage\",\"@id\":\"https:\/\/www.sud-expertise.fr\/it\/note-legali\/\",\"url\":\"https:\/\/www.sud-expertise.fr\/it\/note-legali\/\",\"name\":\"Note Legali - Sud Expertise immobili\u00e8re\",\"isPartOf\":{\"@id\":\"https:\/\/www.sud-expertise.fr\/it\/#website\"},\"datePublished\":\"2025-10-08T15:13:38+00:00\",\"dateModified\":\"2025-11-03T10:58:24+00:00\",\"breadcrumb\":{\"@id\":\"https:\/\/www.sud-expertise.fr\/it\/note-legali\/#breadcrumb\"},\"inLanguage\":\"it-IT\",\"potentialAction\":[{\"@type\":\"ReadAction\",\"target\":[\"https:\/\/www.sud-expertise.fr\/it\/note-legali\/\"]}]},{\"@type\":\"BreadcrumbList\",\"@id\":\"https:\/\/www.sud-expertise.fr\/it\/note-legali\/#breadcrumb\",\"itemListElement\":[{\"@type\":\"ListItem\",\"position\":1,\"name\":\"Accueil\",\"item\":\"https:\/\/www.sud-expertise.fr\/it\/\"},{\"@type\":\"ListItem\",\"position\":2,\"name\":\"Note Legali\"}]},{\"@type\":\"WebSite\",\"@id\":\"https:\/\/www.sud-expertise.fr\/it\/#website\",\"url\":\"https:\/\/www.sud-expertise.fr\/it\/\",\"name\":\"Sud Expertise immobili\u00e8re\",\"description\":\"\",\"potentialAction\":[{\"@type\":\"SearchAction\",\"target\":{\"@type\":\"EntryPoint\",\"urlTemplate\":\"https:\/\/www.sud-expertise.fr\/it\/?s={search_term_string}\"},\"query-input\":{\"@type\":\"PropertyValueSpecification\",\"valueRequired\":true,\"valueName\":\"search_term_string\"}}],\"inLanguage\":\"it-IT\"}]}<\/script>\n<!-- \/ Yoast SEO plugin. -->","yoast_head_json":{"title":"Note Legali - Sud Expertise immobili\u00e8re","robots":{"index":"index","follow":"follow","max-snippet":"max-snippet:-1","max-image-preview":"max-image-preview:large","max-video-preview":"max-video-preview:-1"},"canonical":"https:\/\/www.sud-expertise.fr\/it\/note-legali\/","og_locale":"it_IT","og_type":"article","og_title":"Note Legali - Sud Expertise immobili\u00e8re","og_description":"NOTE LEGALI PROPRIETARIO DEL SITO Sud Expertise &#8211; 8 bis Bd Saint-Michel &#8211; 84000 AvignonSiret: 90506060400014 &#8211; 905 060 604 R.C.S. Avignon HOSTING OVH \u2013 S.A.S. con capitale sociale di 10.059.500 \u20ac \u2013 RCS Lille M\u00e9tropole 424 761 419 00045 \u2013 Codice APE 6202A \u2013 P.IVA: FR 22 424 761 419Sede legale: 2 rue Kellermann [&hellip;]","og_url":"https:\/\/www.sud-expertise.fr\/it\/note-legali\/","og_site_name":"Sud Expertise immobili\u00e8re","article_modified_time":"2025-11-03T10:58:24+00:00","twitter_card":"summary_large_image","twitter_misc":{"Tempo di lettura stimato":"2 minuti"},"schema":{"@context":"https:\/\/schema.org","@graph":[{"@type":"WebPage","@id":"https:\/\/www.sud-expertise.fr\/it\/note-legali\/","url":"https:\/\/www.sud-expertise.fr\/it\/note-legali\/","name":"Note Legali - Sud Expertise immobili\u00e8re","isPartOf":{"@id":"https:\/\/www.sud-expertise.fr\/it\/#website"},"datePublished":"2025-10-08T15:13:38+00:00","dateModified":"2025-11-03T10:58:24+00:00","breadcrumb":{"@id":"https:\/\/www.sud-expertise.fr\/it\/note-legali\/#breadcrumb"},"inLanguage":"it-IT","potentialAction":[{"@type":"ReadAction","target":["https:\/\/www.sud-expertise.fr\/it\/note-legali\/"]}]},{"@type":"BreadcrumbList","@id":"https:\/\/www.sud-expertise.fr\/it\/note-legali\/#breadcrumb","itemListElement":[{"@type":"ListItem","position":1,"name":"Accueil","item":"https:\/\/www.sud-expertise.fr\/it\/"},{"@type":"ListItem","position":2,"name":"Note Legali"}]},{"@type":"WebSite","@id":"https:\/\/www.sud-expertise.fr\/it\/#website","url":"https:\/\/www.sud-expertise.fr\/it\/","name":"Sud Expertise immobili\u00e8re","description":"","potentialAction":[{"@type":"SearchAction","target":{"@type":"EntryPoint","urlTemplate":"https:\/\/www.sud-expertise.fr\/it\/?s={search_term_string}"},"query-input":{"@type":"PropertyValueSpecification","valueRequired":true,"valueName":"search_term_string"}}],"inLanguage":"it-IT"}]}},"_links":{"self":[{"href":"https:\/\/www.sud-expertise.fr\/it\/wp-json\/wp\/v2\/pages\/7994","targetHints":{"allow":["GET"]}}],"collection":[{"href":"https:\/\/www.sud-expertise.fr\/it\/wp-json\/wp\/v2\/pages"}],"about":[{"href":"https:\/\/www.sud-expertise.fr\/it\/wp-json\/wp\/v2\/types\/page"}],"author":[{"embeddable":true,"href":"https:\/\/www.sud-expertise.fr\/it\/wp-json\/wp\/v2\/users\/1"}],"replies":[{"embeddable":true,"href":"https:\/\/www.sud-expertise.fr\/it\/wp-json\/wp\/v2\/comments?post=7994"}],"version-history":[{"count":1,"href":"https:\/\/www.sud-expertise.fr\/it\/wp-json\/wp\/v2\/pages\/7994\/revisions"}],"predecessor-version":[{"id":7995,"href":"https:\/\/www.sud-expertise.fr\/it\/wp-json\/wp\/v2\/pages\/7994\/revisions\/7995"}],"wp:attachment":[{"href":"https:\/\/www.sud-expertise.fr\/it\/wp-json\/wp\/v2\/media?parent=7994"}],"curies":[{"name":"wp","href":"https:\/\/api.w.org\/{rel}","templated":true}]}}