{"id":8014,"date":"2025-09-19T14:09:03","date_gmt":"2025-09-19T12:09:03","guid":{"rendered":"https:\/\/www.sud-expertise.fr\/informativa-sulla-privacy\/"},"modified":"2025-11-03T11:59:55","modified_gmt":"2025-11-03T10:59:55","slug":"informativa-sulla-privacy","status":"publish","type":"page","link":"https:\/\/www.sud-expertise.fr\/it\/informativa-sulla-privacy\/","title":{"rendered":"Informativa sulla privacy"},"content":{"rendered":"\n<p><\/p><h1 class=\"uniq-page-title\">Politique de confidentialit\u00e9<\/h1>DONN\u00c9ES PERSONNELLES \u2013 RGPD \u2013 AVIS DE CONFIDENTIALIT\u00c9S<br\/>Cette page explique comment les donn\u00e9es \u00e0 caract\u00e8re personnel (\u00ab Donn\u00e9es \u00bb) que vous avez fournies par l\u2019interm\u00e9diaire de ce site web et qui ont \u00e9t\u00e9 collect\u00e9es par Ar\u00f4me (\u00ab nous \u00bb, \u00ab notre \u00bb) seront trait\u00e9es conform\u00e9ment aux lois et r\u00e8glements applicables. Nous nous engageons \u00e0 prot\u00e9ger et \u00e0 respecter votre vie priv\u00e9e.\n\n<ol class=\"wp-block-list\">\n<li>COME OTTENIAMO I VOSTRI DATI?<br\/>I Dati che possiamo raccogliere, trattare e registrare sono i seguenti:<br\/>\u2022 I Dati che ci avete fornito per ricevere un servizio specifico o nell&#8217;ambito del nostro rapporto commerciale (come i vostri dati di contatto, i vostri dati professionali, informazioni finanziarie o tecniche);<br\/>\u2022 I Dati relativi alla vostra navigazione sul nostro sito web o i Dati derivanti dalla vostra interazione con il nostro sito web;<br\/>\u2022 I cookie<br\/>In generale, questi Dati vengono raccolti direttamente da voi, ma in alcuni casi, potremmo raccogliere Dati che vi riguardano da terzi o da documenti pubblici. In tal caso, proteggiamo i Dati ottenuti da tali terzi in conformit\u00e0 con le pratiche descritte nella presente informativa sulla privacy. <\/li>\n\n\n\n<li>COME UTILIZZIAMO I VOSTRI DATI?<br\/>I Dati raccolti possono essere trattati da noi per le seguenti finalit\u00e0:<\/li>\n\n\n\n<li>Per rispondere a tutte le vostre domande fornendovi informazioni sui nostri prodotti, servizi, offerte o sulla nostra rete commerciale;<\/li>\n\n\n\n<li>Per stabilire, mantenere e sviluppare il rapporto che abbiamo con voi;<\/li>\n\n\n\n<li>Previo vostro consenso, per consentirci di inviarvi le nostre newsletter, comunicazioni commerciali e pubblicit\u00e0 sui nostri prodotti e servizi o per condurre ricerche di mercato. Tutte queste operazioni potranno essere effettuate su supporto cartaceo o tramite mezzi automatizzati o elettronici, inclusi posta o e-mail, telefono (ad esempio: chiamate telefoniche automatizzate, SMS, MMS, fax) e qualsiasi altro mezzo (ad esempio: siti web, applicazioni mobili): \u201cATTIVIT\u00c0 DI MARKETING\u201d; <\/li>\n\n\n\n<li>Previo vostro consenso, per consentirci di comunicare i vostri dati alle societ\u00e0 affiliate ad Ar\u00f4me e ai nostri partner. Questi partner tratteranno i vostri dati allo scopo di inviarvi le loro comunicazioni commerciali e pubblicit\u00e0 per i loro prodotti e servizi o per condurre ricerche di mercato: \u201cMARKETING DI TERZI\u201d;<br\/>La liceit\u00e0 dei trattamenti di cui ai punti (i) e (ii) sopra si basa sulle basi legali relative all&#8217;esecuzione del contratto e al perseguimento dei nostri interessi legittimi, e quelli di cui ai punti (iii) e (iv) sul consenso che ci avete fornito. A tal fine, precisiamo che siete liberi di revocare in qualsiasi momento il consenso che ci avete fornito.I vostri Dati possono essere trattati elettronicamente nei nostri sistemi informatici, o manualmente, su carta. I vostri Dati saranno trattati in modo lecito, leale e trasparente e memorizzati per tutta la loro durata di conservazione, in modo che la loro sicurezza e riservatezza siano garantite in conformit\u00e0 con le leggi e i regolamenti applicabili.       <\/li>\n\n\n\n<li>CONSEGUENZE DELLA MANCATA FORNITURA DEI DATI<br\/>La comunicazione dei vostri Dati non \u00e8 mai obbligatoria. Tuttavia, se omettete di trasmettere Dati necessari per la fornitura di un servizio o di un prodotto, non potremo garantirvi di essere in grado di fornirvi il servizio o il prodotto richiesto o di assicurarvi la qualit\u00e0 della prestazione di tale servizio o prodotto. Al contrario, se omettete di fornire Dati facoltativi, potrete comunque accedere al servizio o ricevere il suddetto prodotto.  <\/li>\n\n\n\n<li>COME CONDIVIDIAMO I VOSTRI DATI?<br\/>Siamo fornitori di soluzioni di comunicazione e marketing. I vostri Dati possono essere condivisi e comunicati ai nostri partner, a terzi di fiducia, ai nostri fornitori di servizi, ai nostri partner commerciali, con sede all&#8217;interno e all&#8217;esterno dell&#8217;Unione Europea, nella misura in cui sono soggetti a obblighi contrattuali appropriati e possono utilizzarli solo nell&#8217;ambito delle finalit\u00e0 sopra menzionate.<br\/>I vostri Dati possono anche essere comunicati a terzi quando la legge ce lo impone, per garantire e preservare la nostra sicurezza e quella di Ar\u00f4me, per proteggere i nostri diritti o i nostri interessi o quelli di Ar\u00f4me, per rispondere a qualsiasi ingiunzione delle autorit\u00e0 pubbliche, o per far valere i nostri diritti dinanzi alle autorit\u00e0 giudiziarie. <\/li>\n\n\n\n<li>COME TRASFERIAMO I VOSTRI DATI?<br\/>Al fine di effettuare determinate operazioni relative al trattamento dei Dati sopra indicati, potremmo essere tenuti a trasferire i vostri Dati in paesi situati al di fuori dello Spazio Economico Europeo (SEE), incluso l&#8217;archiviazione di tali Dati in database digitali o fisici gestiti da aziende che agiscono per nostro conto. La gestione di questi database e il trattamento dei Dati sono limitati alle sole finalit\u00e0 del trattamento e sono effettuati in conformit\u00e0 con le leggi e i regolamenti applicabili in materia di protezione dei dati.<br\/>Se i vostri Dati vengono trasferiti al di fuori del SEE, implementeremo tutte le misure contrattuali appropriate per garantire un&#8217;adeguata protezione dei vostri Dati, inclusi accordi basati sulle clausole contrattuali tipo di protezione dei dati adottate dalla Commissione Europea applicabili al trasferimento di dati personali al di fuori del SEE. <\/li>\n\n\n\n<li>CONSERVAZIONE DEI VOSTRI DATI<br\/>Conserviamo i vostri Dati nei nostri sistemi e archivi per il tempo necessario a perseguire le finalit\u00e0 descritte nella presente Informativa sulla privacy e, se del caso, tenendo conto dei requisiti legali e contrattuali.<br\/>Quando i vostri Dati non sono pi\u00f9 necessari per le finalit\u00e0 per le quali sono stati trattati, vengono cancellati o conservati in una forma che non consente pi\u00f9 di identificarvi, a condizione che non siamo legalmente obbligati o autorizzati a conservare tali Dati. Potremmo inoltre continuare a conservare i Dati per un periodo prolungato, se ci\u00f2 si rendesse necessario per la protezione dei nostri interessi in caso di contestazione della nostra responsabilit\u00e0 relativa alla fornitura di servizi o prodotti o al trattamento dei Dati.I Dati trattati a fini di marketing e profilazione saranno conservati fino a quando non revocherete il vostro consenso e, in ogni caso, nel rispetto dei principi sopra menzionati e delle direttive fornite dalle Autorit\u00e0 di protezione dei dati personali competenti. <\/li>\n\n\n\n<li>TITOLARE DEL TRATTAMENTO DEI VOSTRI DATI<br\/>Sud Expertise, con sede legale in 8 bis Bd Saint-Michel, 84000 Avignon, \u00e8 Titolare del trattamento dei Dati che raccoglie, tratta e registra nell&#8217;ambito della presente Informativa sulla privacy. Il DPO \u00e8 J\u00e9r\u00f4me Liffran, telefono: 04 90 87 05 50 <\/li>\n\n\n\n<li>I VOSTRI DIRITTI RIGUARDO AI VOSTRI DATI<br\/>Potete esercitare i vostri diritti come definiti dalle leggi e dai regolamenti applicabili, in particolare:<br\/>\u2022 Diritto di accesso: il diritto di ottenere dal Titolare del trattamento la conferma che i vostri Dati siano o meno trattati e, in tal caso, di richiederne l&#8217;accesso.<br\/>\u2022 Diritto di rettifica: il diritto di ottenere dal Titolare del trattamento la rettifica dei Dati che considerate imprecisi o incompleti, anche fornendo una dichiarazione integrativa.<br\/>\u2022 Diritto alla cancellazione: il diritto di ottenere dal Titolare del trattamento la cancellazione dei vostri Dati nel pi\u00f9 breve tempo possibile, quando la richiesta \u00e8 fatta in conformit\u00e0 con le leggi e i regolamenti applicabili.<br\/>\u2022 Diritto di opposizione: il diritto di opporvi in qualsiasi momento al trattamento dei vostri Dati, a meno che il Titolare del trattamento non dimostri l&#8217;esistenza di motivi legittimi e cogenti prevalenti su tale diritto.<br\/>\u2022 Diritto di limitazione del trattamento: il diritto di ottenere dal Titolare del trattamento una limitazione alle attivit\u00e0 di trattamento quando la precisione e l&#8217;esattezza dei Dati sono contestate, e ci\u00f2, per un periodo che consenta al Titolare del trattamento di verificare l&#8217;esattezza dei Dati.<br\/>\u2022 Diritto alla portabilit\u00e0 dei Dati: il diritto di ricevere i Dati che avete fornito al Titolare del trattamento in un formato strutturato, di uso comune e leggibile da dispositivo automatico. Avete inoltre il diritto di trasmettere tali Dati a un altro titolare del trattamento senza che noi possiamo ostacolarvi quando il trattamento \u00e8 basato sul consenso o su un contratto, ed effettuato con mezzi automatizzati. <br\/>\u2022 Diritto di reclamo: fatto salvo qualsiasi ricorso amministrativo o giudiziario, se ritenete che il trattamento dei vostri Dati sia stato effettuato in modo illecito o non conforme alle leggi e ai regolamenti in vigore, avete il diritto di presentare un reclamo all&#8217;Autorit\u00e0 di controllo dello Stato membro in cui risiedete o lavorate abitualmente, o dello Stato membro in cui si \u00e8 verificata una violazione.<br\/>Potete esercitare i diritti sopra menzionati contattandoci come segue:<br\/>\u2022 Scrivendo un&#8217;e-mail a contact@liffran.com; in tal caso<br\/>Se ci inviate una richiesta, ci riserviamo la possibilit\u00e0 di richiedervi ulteriori informazioni per consentirci di verificare la vostra identit\u00e0 e di contattarvi se necessario. Queste informazioni, cos\u00ec come gli altri Dati di cui gi\u00e0 disponiamo, saranno quindi trattate per rispondere alla vostra richiesta, in conformit\u00e0 con la legge applicabile. Se necessario, alcune informazioni potranno essere trasmesse a societ\u00e0 esterne di trattamento dei dati, al fine di rispondere alla vostra richiesta. I vostri Dati saranno trattati per il tempo necessario a valutare e gestire la vostra richiesta, quindi conservati per un periodo sufficientemente lungo al fine di consentirci di dimostrare che la richiesta \u00e8 stata trattata correttamente e in tempo utile.   <\/li>\n\n\n\n<li>AGGIORNAMENTI ALLA PRESENTE INFORMATIVA SULLA PRIVACY<br\/>La presente Informativa sulla privacy \u00e8 stata aggiornata a maggio 2021. Ci riserviamo il diritto di modificare o aggiornare regolarmente la presente Informativa sulla privacy per tenere conto dell&#8217;evoluzione dei requisiti legali o delle nostre attivit\u00e0 di trattamento. Pubblicheremo qualsiasi aggiornamento su questo sito web, il quale entrer\u00e0 in vigore al momento della sua pubblicazione. Vi invitiamo a consultare regolarmente la presente Informativa sulla privacy per sapere in che modo trattiamo i vostri dati.   <\/li>\n<\/ol>\n\n<p><\/p>\n\n<p><\/p>\n\n<p><\/p>\n\n<p><\/p>\n\n<p><\/p>\n\n<p><\/p>\n\n<p><\/p>\n\n<p><\/p>\n\n<p><\/p>\n\n<p><\/p>\n","protected":false},"excerpt":{"rendered":"<p>Politique de confidentialit\u00e9 DONN\u00c9ES PERSONNELLES \u2013 RGPD \u2013 AVIS DE CONFIDENTIALIT\u00c9SCette page explique comment les donn\u00e9es \u00e0 caract\u00e8re personnel (\u00ab Donn\u00e9es \u00bb) que vous avez fournies par l\u2019interm\u00e9diaire de ce site web et qui ont \u00e9t\u00e9 collect\u00e9es par Ar\u00f4me (\u00ab nous \u00bb, \u00ab notre \u00bb) seront trait\u00e9es conform\u00e9ment aux lois et r\u00e8glements applicables. Nous nous [&hellip;]<\/p>\n","protected":false},"author":1,"featured_media":0,"parent":0,"menu_order":0,"comment_status":"closed","ping_status":"open","template":"","meta":{"footnotes":""},"class_list":["post-8014","page","type-page","status-publish","hentry"],"yoast_head":"<!-- This site is optimized with the Yoast SEO plugin v26.0 - https:\/\/yoast.com\/wordpress\/plugins\/seo\/ -->\n<title>Informativa sulla privacy - Sud Expertise immobili\u00e8re<\/title>\n<meta name=\"robots\" content=\"index, follow, max-snippet:-1, max-image-preview:large, max-video-preview:-1\" \/>\n<link rel=\"canonical\" href=\"https:\/\/www.sud-expertise.fr\/it\/informativa-sulla-privacy\/\" \/>\n<meta property=\"og:locale\" content=\"it_IT\" \/>\n<meta property=\"og:type\" content=\"article\" \/>\n<meta property=\"og:title\" content=\"Informativa sulla privacy - Sud Expertise immobili\u00e8re\" \/>\n<meta property=\"og:description\" content=\"Politique de confidentialit\u00e9 DONN\u00c9ES PERSONNELLES \u2013 RGPD \u2013 AVIS DE CONFIDENTIALIT\u00c9SCette page explique comment les donn\u00e9es \u00e0 caract\u00e8re personnel (\u00ab Donn\u00e9es \u00bb) que vous avez fournies par l\u2019interm\u00e9diaire de ce site web et qui ont \u00e9t\u00e9 collect\u00e9es par Ar\u00f4me (\u00ab nous \u00bb, \u00ab notre \u00bb) seront trait\u00e9es conform\u00e9ment aux lois et r\u00e8glements applicables. Nous nous [&hellip;]\" \/>\n<meta property=\"og:url\" content=\"https:\/\/www.sud-expertise.fr\/it\/informativa-sulla-privacy\/\" \/>\n<meta property=\"og:site_name\" content=\"Sud Expertise immobili\u00e8re\" \/>\n<meta property=\"article:modified_time\" content=\"2025-11-03T10:59:55+00:00\" \/>\n<meta name=\"twitter:card\" content=\"summary_large_image\" \/>\n<meta name=\"twitter:label1\" content=\"Tempo di lettura stimato\" \/>\n\t<meta name=\"twitter:data1\" content=\"8 minuti\" \/>\n<script type=\"application\/ld+json\" class=\"yoast-schema-graph\">{\"@context\":\"https:\/\/schema.org\",\"@graph\":[{\"@type\":\"WebPage\",\"@id\":\"https:\/\/www.sud-expertise.fr\/it\/informativa-sulla-privacy\/\",\"url\":\"https:\/\/www.sud-expertise.fr\/it\/informativa-sulla-privacy\/\",\"name\":\"Informativa sulla privacy - Sud Expertise immobili\u00e8re\",\"isPartOf\":{\"@id\":\"https:\/\/www.sud-expertise.fr\/it\/#website\"},\"datePublished\":\"2025-09-19T12:09:03+00:00\",\"dateModified\":\"2025-11-03T10:59:55+00:00\",\"breadcrumb\":{\"@id\":\"https:\/\/www.sud-expertise.fr\/it\/informativa-sulla-privacy\/#breadcrumb\"},\"inLanguage\":\"it-IT\",\"potentialAction\":[{\"@type\":\"ReadAction\",\"target\":[\"https:\/\/www.sud-expertise.fr\/it\/informativa-sulla-privacy\/\"]}]},{\"@type\":\"BreadcrumbList\",\"@id\":\"https:\/\/www.sud-expertise.fr\/it\/informativa-sulla-privacy\/#breadcrumb\",\"itemListElement\":[{\"@type\":\"ListItem\",\"position\":1,\"name\":\"Accueil\",\"item\":\"https:\/\/www.sud-expertise.fr\/it\/\"},{\"@type\":\"ListItem\",\"position\":2,\"name\":\"Informativa sulla privacy\"}]},{\"@type\":\"WebSite\",\"@id\":\"https:\/\/www.sud-expertise.fr\/it\/#website\",\"url\":\"https:\/\/www.sud-expertise.fr\/it\/\",\"name\":\"Sud Expertise immobili\u00e8re\",\"description\":\"\",\"potentialAction\":[{\"@type\":\"SearchAction\",\"target\":{\"@type\":\"EntryPoint\",\"urlTemplate\":\"https:\/\/www.sud-expertise.fr\/it\/?s={search_term_string}\"},\"query-input\":{\"@type\":\"PropertyValueSpecification\",\"valueRequired\":true,\"valueName\":\"search_term_string\"}}],\"inLanguage\":\"it-IT\"}]}<\/script>\n<!-- \/ Yoast SEO plugin. -->","yoast_head_json":{"title":"Informativa sulla privacy - Sud Expertise immobili\u00e8re","robots":{"index":"index","follow":"follow","max-snippet":"max-snippet:-1","max-image-preview":"max-image-preview:large","max-video-preview":"max-video-preview:-1"},"canonical":"https:\/\/www.sud-expertise.fr\/it\/informativa-sulla-privacy\/","og_locale":"it_IT","og_type":"article","og_title":"Informativa sulla privacy - Sud Expertise immobili\u00e8re","og_description":"Politique de confidentialit\u00e9 DONN\u00c9ES PERSONNELLES \u2013 RGPD \u2013 AVIS DE CONFIDENTIALIT\u00c9SCette page explique comment les donn\u00e9es \u00e0 caract\u00e8re personnel (\u00ab Donn\u00e9es \u00bb) que vous avez fournies par l\u2019interm\u00e9diaire de ce site web et qui ont \u00e9t\u00e9 collect\u00e9es par Ar\u00f4me (\u00ab nous \u00bb, \u00ab notre \u00bb) seront trait\u00e9es conform\u00e9ment aux lois et r\u00e8glements applicables. Nous nous [&hellip;]","og_url":"https:\/\/www.sud-expertise.fr\/it\/informativa-sulla-privacy\/","og_site_name":"Sud Expertise immobili\u00e8re","article_modified_time":"2025-11-03T10:59:55+00:00","twitter_card":"summary_large_image","twitter_misc":{"Tempo di lettura stimato":"8 minuti"},"schema":{"@context":"https:\/\/schema.org","@graph":[{"@type":"WebPage","@id":"https:\/\/www.sud-expertise.fr\/it\/informativa-sulla-privacy\/","url":"https:\/\/www.sud-expertise.fr\/it\/informativa-sulla-privacy\/","name":"Informativa sulla privacy - Sud Expertise immobili\u00e8re","isPartOf":{"@id":"https:\/\/www.sud-expertise.fr\/it\/#website"},"datePublished":"2025-09-19T12:09:03+00:00","dateModified":"2025-11-03T10:59:55+00:00","breadcrumb":{"@id":"https:\/\/www.sud-expertise.fr\/it\/informativa-sulla-privacy\/#breadcrumb"},"inLanguage":"it-IT","potentialAction":[{"@type":"ReadAction","target":["https:\/\/www.sud-expertise.fr\/it\/informativa-sulla-privacy\/"]}]},{"@type":"BreadcrumbList","@id":"https:\/\/www.sud-expertise.fr\/it\/informativa-sulla-privacy\/#breadcrumb","itemListElement":[{"@type":"ListItem","position":1,"name":"Accueil","item":"https:\/\/www.sud-expertise.fr\/it\/"},{"@type":"ListItem","position":2,"name":"Informativa sulla privacy"}]},{"@type":"WebSite","@id":"https:\/\/www.sud-expertise.fr\/it\/#website","url":"https:\/\/www.sud-expertise.fr\/it\/","name":"Sud Expertise immobili\u00e8re","description":"","potentialAction":[{"@type":"SearchAction","target":{"@type":"EntryPoint","urlTemplate":"https:\/\/www.sud-expertise.fr\/it\/?s={search_term_string}"},"query-input":{"@type":"PropertyValueSpecification","valueRequired":true,"valueName":"search_term_string"}}],"inLanguage":"it-IT"}]}},"_links":{"self":[{"href":"https:\/\/www.sud-expertise.fr\/it\/wp-json\/wp\/v2\/pages\/8014","targetHints":{"allow":["GET"]}}],"collection":[{"href":"https:\/\/www.sud-expertise.fr\/it\/wp-json\/wp\/v2\/pages"}],"about":[{"href":"https:\/\/www.sud-expertise.fr\/it\/wp-json\/wp\/v2\/types\/page"}],"author":[{"embeddable":true,"href":"https:\/\/www.sud-expertise.fr\/it\/wp-json\/wp\/v2\/users\/1"}],"replies":[{"embeddable":true,"href":"https:\/\/www.sud-expertise.fr\/it\/wp-json\/wp\/v2\/comments?post=8014"}],"version-history":[{"count":1,"href":"https:\/\/www.sud-expertise.fr\/it\/wp-json\/wp\/v2\/pages\/8014\/revisions"}],"predecessor-version":[{"id":8015,"href":"https:\/\/www.sud-expertise.fr\/it\/wp-json\/wp\/v2\/pages\/8014\/revisions\/8015"}],"wp:attachment":[{"href":"https:\/\/www.sud-expertise.fr\/it\/wp-json\/wp\/v2\/media?parent=8014"}],"curies":[{"name":"wp","href":"https:\/\/api.w.org\/{rel}","templated":true}]}}