{"id":8113,"date":"2025-09-19T14:09:03","date_gmt":"2025-09-19T12:09:03","guid":{"rendered":"https:\/\/www.sud-expertise.fr\/privacybeleid\/"},"modified":"2025-11-03T12:01:54","modified_gmt":"2025-11-03T11:01:54","slug":"privacybeleid","status":"publish","type":"page","link":"https:\/\/www.sud-expertise.fr\/nl\/privacybeleid\/","title":{"rendered":"Privacybeleid"},"content":{"rendered":"\n<p><\/p><h1 class=\"uniq-page-title\">Politique de confidentialit\u00e9<\/h1>DONN\u00c9ES PERSONNELLES \u2013 RGPD \u2013 AVIS DE CONFIDENTIALIT\u00c9S<br\/>Cette page explique comment les donn\u00e9es \u00e0 caract\u00e8re personnel (\u00ab Donn\u00e9es \u00bb) que vous avez fournies par l\u2019interm\u00e9diaire de ce site web et qui ont \u00e9t\u00e9 collect\u00e9es par Ar\u00f4me (\u00ab nous \u00bb, \u00ab notre \u00bb) seront trait\u00e9es conform\u00e9ment aux lois et r\u00e8glements applicables. Nous nous engageons \u00e0 prot\u00e9ger et \u00e0 respecter votre vie priv\u00e9e.\n\n<ol class=\"wp-block-list\">\n<li>HOE VERKRIJGEN WIJ UW GEGEVENS?<br\/>De Gegevens die wij kunnen verzamelen, verwerken en registreren zijn de volgende:<br\/>\u2022 De Gegevens die u ons heeft verstrekt om een specifieke dienst te ontvangen of in het kader van onze zakelijke relatie (zoals uw contactgegevens, uw professionele gegevens, financi\u00eble of technische informatie);<br\/>\u2022 De Gegevens betreffende uw navigatie op onze website of de Gegevens die voortvloeien uit uw interactie met onze website;<br\/>\u2022 De cookies<br\/>Over het algemeen worden deze Gegevens rechtstreeks bij u verzameld, maar in bepaalde gevallen komt het voor dat wij Gegevens betreffende u verzamelen bij een derde partij of uit openbare documenten. In dergelijke gevallen beschermen wij de van deze derden verkregen Gegevens conform de praktijken beschreven in deze privacyverklaring. <\/li>\n\n\n\n<li>HOE GEBRUIKEN WIJ UW GEGEVENS?<br\/>De verzamelde Gegevens kunnen door ons worden verwerkt in het kader van de volgende doeleinden:<\/li>\n\n\n\n<li>Om al uw vragen te beantwoorden door u informatie te verstrekken betreffende onze producten, onze diensten, onze aanbiedingen of ons commerci\u00eble netwerk;<\/li>\n\n\n\n<li>Om de relatie die wij met u onderhouden tot stand te brengen, te onderhouden en te ontwikkelen;<\/li>\n\n\n\n<li>Onder voorbehoud van het verkrijgen van uw toestemming, om ons in staat te stellen u onze nieuwsbrieven, commerci\u00eble communicatie evenals reclame voor onze producten en onze diensten te sturen of om marktonderzoek uit te voeren. Al deze activiteiten kunnen worden uitgevoerd op papier of door geautomatiseerde of elektronische middelen, inclusief per post of e-mail, per telefoon (bijvoorbeeld: geautomatiseerde telefoongesprekken, SMS, MMS, fax) en elke andere manier (bijvoorbeeld: websites, mobiele applicaties): &#8220;MARKETINGACTIVITEITEN&#8221;; <\/li>\n\n\n\n<li>Onder voorbehoud van het verkrijgen van uw toestemming, om ons in staat te stellen uw gegevens door te geven aan aan Ar\u00f4me gelieerde ondernemingen en aan onze partners. Deze partners zullen uw gegevens verwerken met het doel u hun commerci\u00eble communicatie evenals reclame voor hun producten en diensten te sturen of om marktonderzoek uit te voeren: &#8220;MARKETING VAN DERDEN&#8221;;<br\/>De rechtmatigheid van de verwerkingen bedoeld in punten (i) en (ii) hierboven berust op de wettelijke grondslagen betreffende de uitvoering van het contract en de nastreving van onze legitieme belangen, en die bedoeld in punten (iii) en (iv) op de toestemming die u ons heeft gegeven. Hiertoe preciseren wij dat u vrij bent om te allen tijde de toestemming die u ons heeft gegeven in te trekken. Uw Gegevens kunnen elektronisch worden verwerkt in onze computersystemen, of handmatig, op papier. Uw Gegevens zullen op rechtmatige, loyale en transparante wijze worden verwerkt en gedurende hun gehele bewaartermijn worden opgeslagen, zodanig dat hun veiligheid en vertrouwelijkheid worden gewaarborgd conform de toepasselijke wetten en regelgeving.       <\/li>\n\n\n\n<li>GEVOLGEN VAN HET NALATEN GEGEVENS TE VERSTREKKEN<br\/>Het verstrekken van uw Gegevens is nooit verplicht. Echter, indien u nalaat Gegevens door te geven die noodzakelijk zijn voor het leveren van een dienst of een product, kunnen wij u niet garanderen dat wij in staat zijn u de vereiste dienst of het product te leveren of u de kwaliteit van de prestatie van deze dienst of dit product te garanderen. Daarentegen, indien u nalaat facultatieve Gegevens te verstrekken, kunt u desondanks toegang krijgen tot de dienst of het betreffende product ontvangen.  <\/li>\n\n\n\n<li>HOE DELEN WIJ UW GEGEVENS?<br\/>Wij zijn leveranciers van communicatie- en marketingoplossingen. Uw Gegevens kunnen worden gedeeld en doorgegeven aan onze partners, aan vertrouwde derden, aan onze dienstverleners, aan onze commerci\u00eble partners, gevestigd binnen en buiten de Europese Unie, voor zover zij onderworpen zijn aan passende contractuele verplichtingen en deze alleen kunnen gebruiken in het kader van de hierboven genoemde doeleinden.<br\/>Uw Gegevens kunnen ook worden doorgegeven aan derden wanneer de wet ons daartoe verplicht, om onze veiligheid en die van Ar\u00f4me te waarborgen en te beschermen, om onze rechten of belangen of die van Ar\u00f4me te beschermen, om te reageren op enig bevel van de overheidsautoriteiten, of om onze rechten voor de gerechtelijke autoriteiten geldend te maken. <\/li>\n\n\n\n<li>HOE DRAGEN WIJ UW GEGEVENS OVER?<br\/>Om bepaalde bewerkingen betreffende de hierboven aangegeven Gegevensverwerking uit te voeren, kunnen wij ertoe worden gebracht uw Gegevens over te dragen naar landen gelegen buiten de Europese Economische Ruimte (EER), inclusief de opslag van deze Gegevens in digitale of fysieke databases beheerd door ondernemingen die voor onze rekening handelen. Het beheer van deze databases en de verwerking van de Gegevens zijn beperkt tot de enige doeleinden van de verwerking en worden uitgevoerd conform de toepasselijke wetten en regelgeving inzake gegevensbescherming.<br\/>Indien uw Gegevens worden overgedragen buiten de EER, zullen wij alle passende contractuele maatregelen implementeren om de adequate bescherming van uw Gegevens te garanderen, met name overeenkomsten gebaseerd op de standaard contractuele bepalingen voor gegevensbescherming aangenomen door de Europese Commissie die van toepassing zijn op de overdracht van persoonsgegevens buiten de EER. <\/li>\n\n\n\n<li>BEWARING VAN UW GEGEVENS<br\/>Wij bewaren uw Gegevens in onze systemen en archieven zo lang als nodig is om de doeleinden beschreven in deze Privacyverklaring na te streven en dit, rekening houdend met, waar van toepassing, de wettelijke en contractuele vereisten.<br\/>Wanneer uw Gegevens niet langer nodig zijn voor de doeleinden waarvoor zij werden verwerkt, worden zij gewist of bewaard in een vorm die het niet langer mogelijk maakt u te identificeren, behoudens dat wij niet wettelijk verplicht of bevoegd zijn deze Gegevens te bewaren. Wij zouden bovendien kunnen doorgaan met het opslaan van Gegevens gedurende een verlengde periode, indien dit noodzakelijk zou blijken voor de bescherming van onze belangen in geval van aansprakelijkstelling betreffende het leveren van diensten of producten of de verwerking van Gegevens. De Gegevens verwerkt voor marketing- en profileringsdoeleinden zullen worden bewaard totdat u uw toestemming intrekt en, in elk geval, met inachtneming van de bovengenoemde beginselen en de richtlijnen verstrekt door de bevoegde Autoriteiten voor de bescherming van persoonsgegevens. <\/li>\n\n\n\n<li>VERANTWOORDELIJKE VOOR DE VERWERKING VAN UW GEGEVENS<br\/>Sud Expertise, waarvan de maatschappelijke zetel zich bevindt op 8 bis Bd Saint-Michel, 84000 Avignon is Verantwoordelijke voor de verwerking van de Gegevens die zij verzamelt, verwerkt en registreert in het kader van deze Privacyverklaring. De DPO is J\u00e9r\u00f4me Liffran, telefoon: 04 90 87 05 50 <\/li>\n\n\n\n<li>UW RECHTEN BETREFFENDE UW GEGEVENS<br\/>U kunt uw rechten uitoefenen zoals gedefinieerd door de toepasselijke wetten en regelgeving, met name:<br\/>\u2022 Recht van toegang: het recht om van de Verantwoordelijke voor de verwerking de bevestiging te verkrijgen dat uw Gegevens al dan niet worden verwerkt, en, wanneer zij dat worden, om toegang tot uw Gegevens te vragen.<br\/>\u2022 Recht van rectificatie: het recht om van de Verantwoordelijke voor de verwerking de rectificatie te verkrijgen van de Gegevens die u als onnauwkeurig of onvolledig beschouwt, inclusief door het verstrekken van een aanvullende verklaring.<br\/>\u2022 Recht op wissing: het recht om van de Verantwoordelijke voor de verwerking de wissing van uw Gegevens in de kortst mogelijke termijn te verkrijgen, wanneer het verzoek wordt gedaan conform de toepasselijke wetten en regelgeving.<br\/>\u2022 Recht van bezwaar: het recht om u te allen tijde te verzetten tegen de verwerking van uw Gegevens, tenzij de Verantwoordelijke voor de verwerking het bestaan van legitieme en dwingende redenen aantoont die prevaleren boven dit recht.<br\/>\u2022 Recht op beperking van de verwerking: het recht om van de Verantwoordelijke voor de verwerking een beperking van de verwerkingsactiviteiten te verkrijgen wanneer de precisie en juistheid van de Gegevens wordt betwist, en dit gedurende een periode die de Verantwoordelijke voor de verwerking toelaat de juistheid van de Gegevens te verifi\u00ebren.<br\/>\u2022 Recht op gegevensportabiliteit: het recht om de Gegevens die u aan de Verantwoordelijke voor de verwerking heeft verstrekt te ontvangen in een gestructureerd, algemeen gebruikt en machineleesbaar formaat. U heeft ook het recht deze Gegevens over te dragen aan een andere verantwoordelijke voor de verwerking zonder dat wij daar een obstakel voor kunnen vormen wanneer de verwerking gebaseerd is op toestemming of op een contract, en uitgevoerd met behulp van geautomatiseerde processen. <br\/>\u2022 Recht om een klacht in te dienen: onverminderd enig administratief of gerechtelijk geschil, indien u denkt dat de verwerking van uw Gegevens op onrechtmatige wijze of niet conform de geldende wetten en regelgeving is uitgevoerd, heeft u het recht een klacht in te dienen bij de Toezichthoudende Autoriteit van de lidstaat waarin u gewoonlijk verblijft of werkt, of van de lidstaat waar een schending heeft plaatsgevonden.<br\/>U kunt de bovengenoemde rechten uitoefenen door contact met ons op te nemen als volgt:<br\/>\u2022 Door een e-mail te schrijven naar contact@liffran.com; in dat geval<br\/>Indien u ons een verzoek richt, behouden wij ons de mogelijkheid voor om bij u aanvullende inlichtingen op te vragen om ons in staat te stellen uw identiteit te verifi\u00ebren en indien nodig contact met u op te nemen. Deze informatie, evenals de andere Gegevens waarover wij reeds beschikken, zullen vervolgens worden verwerkt om uw verzoek te beantwoorden, conform de toepasselijke wet. Indien nodig kunnen bepaalde informatie worden doorgegeven aan externe gegevensverwerkingsondernemingen, om uw verzoek te beantwoorden. Uw Gegevens zullen worden verwerkt gedurende de tijd die nodig is om uw verzoek te evalueren en te beheren, vervolgens opgeslagen gedurende een voldoende lange periode om ons in staat te stellen aan te tonen dat het verzoek correct en tijdig is behandeld.   <\/li>\n\n\n\n<li>UPDATES VAN DEZE PRIVACYVERKLARING<br\/>Deze Privacyverklaring is bijgewerkt in mei 2021. Wij behouden ons het recht voor om deze Privacyverklaring regelmatig te wijzigen of bij te werken om rekening te houden met de evolutie van juridische vereisten of onze verwerkingsactiviteiten. Wij zullen elke update op deze website publiceren, welke van kracht wordt zodra zij is gepubliceerd. Wij moedigen u aan om deze Privacyverklaring regelmatig te raadplegen om te weten op welke manier wij uw gegevens verwerken.   <\/li>\n<\/ol>\n\n<p><\/p>\n\n<p><\/p>\n\n<p><\/p>\n\n<p><\/p>\n\n<p><\/p>\n\n<p><\/p>\n\n<p><\/p>\n\n<p><\/p>\n\n<p><\/p>\n\n<p><\/p>\n","protected":false},"excerpt":{"rendered":"<p>Politique de confidentialit\u00e9 DONN\u00c9ES PERSONNELLES \u2013 RGPD \u2013 AVIS DE CONFIDENTIALIT\u00c9SCette page explique comment les donn\u00e9es \u00e0 caract\u00e8re personnel (\u00ab Donn\u00e9es \u00bb) que vous avez fournies par l\u2019interm\u00e9diaire de ce site web et qui ont \u00e9t\u00e9 collect\u00e9es par Ar\u00f4me (\u00ab nous \u00bb, \u00ab notre \u00bb) seront trait\u00e9es conform\u00e9ment aux lois et r\u00e8glements applicables. Nous nous [&hellip;]<\/p>\n","protected":false},"author":1,"featured_media":0,"parent":0,"menu_order":0,"comment_status":"closed","ping_status":"open","template":"","meta":{"footnotes":""},"class_list":["post-8113","page","type-page","status-publish","hentry"],"yoast_head":"<!-- This site is optimized with the Yoast SEO plugin v26.0 - https:\/\/yoast.com\/wordpress\/plugins\/seo\/ -->\n<title>Privacybeleid - Sud Expertise immobili\u00e8re<\/title>\n<meta name=\"robots\" content=\"index, follow, max-snippet:-1, max-image-preview:large, max-video-preview:-1\" \/>\n<link rel=\"canonical\" href=\"https:\/\/www.sud-expertise.fr\/nl\/privacybeleid\/\" \/>\n<meta property=\"og:locale\" content=\"nl_NL\" \/>\n<meta property=\"og:type\" content=\"article\" \/>\n<meta property=\"og:title\" content=\"Privacybeleid - Sud Expertise immobili\u00e8re\" \/>\n<meta property=\"og:description\" content=\"Politique de confidentialit\u00e9 DONN\u00c9ES PERSONNELLES \u2013 RGPD \u2013 AVIS DE CONFIDENTIALIT\u00c9SCette page explique comment les donn\u00e9es \u00e0 caract\u00e8re personnel (\u00ab Donn\u00e9es \u00bb) que vous avez fournies par l\u2019interm\u00e9diaire de ce site web et qui ont \u00e9t\u00e9 collect\u00e9es par Ar\u00f4me (\u00ab nous \u00bb, \u00ab notre \u00bb) seront trait\u00e9es conform\u00e9ment aux lois et r\u00e8glements applicables. Nous nous [&hellip;]\" \/>\n<meta property=\"og:url\" content=\"https:\/\/www.sud-expertise.fr\/nl\/privacybeleid\/\" \/>\n<meta property=\"og:site_name\" content=\"Sud Expertise immobili\u00e8re\" \/>\n<meta property=\"article:modified_time\" content=\"2025-11-03T11:01:54+00:00\" \/>\n<meta name=\"twitter:card\" content=\"summary_large_image\" \/>\n<meta name=\"twitter:label1\" content=\"Geschatte leestijd\" \/>\n\t<meta name=\"twitter:data1\" content=\"8 minuten\" \/>\n<script type=\"application\/ld+json\" class=\"yoast-schema-graph\">{\"@context\":\"https:\/\/schema.org\",\"@graph\":[{\"@type\":\"WebPage\",\"@id\":\"https:\/\/www.sud-expertise.fr\/nl\/privacybeleid\/\",\"url\":\"https:\/\/www.sud-expertise.fr\/nl\/privacybeleid\/\",\"name\":\"Privacybeleid - Sud Expertise immobili\u00e8re\",\"isPartOf\":{\"@id\":\"https:\/\/www.sud-expertise.fr\/nl\/#website\"},\"datePublished\":\"2025-09-19T12:09:03+00:00\",\"dateModified\":\"2025-11-03T11:01:54+00:00\",\"breadcrumb\":{\"@id\":\"https:\/\/www.sud-expertise.fr\/nl\/privacybeleid\/#breadcrumb\"},\"inLanguage\":\"nl-NL\",\"potentialAction\":[{\"@type\":\"ReadAction\",\"target\":[\"https:\/\/www.sud-expertise.fr\/nl\/privacybeleid\/\"]}]},{\"@type\":\"BreadcrumbList\",\"@id\":\"https:\/\/www.sud-expertise.fr\/nl\/privacybeleid\/#breadcrumb\",\"itemListElement\":[{\"@type\":\"ListItem\",\"position\":1,\"name\":\"Accueil\",\"item\":\"https:\/\/www.sud-expertise.fr\/nl\/\"},{\"@type\":\"ListItem\",\"position\":2,\"name\":\"Privacybeleid\"}]},{\"@type\":\"WebSite\",\"@id\":\"https:\/\/www.sud-expertise.fr\/nl\/#website\",\"url\":\"https:\/\/www.sud-expertise.fr\/nl\/\",\"name\":\"Sud Expertise immobili\u00e8re\",\"description\":\"\",\"potentialAction\":[{\"@type\":\"SearchAction\",\"target\":{\"@type\":\"EntryPoint\",\"urlTemplate\":\"https:\/\/www.sud-expertise.fr\/nl\/?s={search_term_string}\"},\"query-input\":{\"@type\":\"PropertyValueSpecification\",\"valueRequired\":true,\"valueName\":\"search_term_string\"}}],\"inLanguage\":\"nl-NL\"}]}<\/script>\n<!-- \/ Yoast SEO plugin. -->","yoast_head_json":{"title":"Privacybeleid - Sud Expertise immobili\u00e8re","robots":{"index":"index","follow":"follow","max-snippet":"max-snippet:-1","max-image-preview":"max-image-preview:large","max-video-preview":"max-video-preview:-1"},"canonical":"https:\/\/www.sud-expertise.fr\/nl\/privacybeleid\/","og_locale":"nl_NL","og_type":"article","og_title":"Privacybeleid - Sud Expertise immobili\u00e8re","og_description":"Politique de confidentialit\u00e9 DONN\u00c9ES PERSONNELLES \u2013 RGPD \u2013 AVIS DE CONFIDENTIALIT\u00c9SCette page explique comment les donn\u00e9es \u00e0 caract\u00e8re personnel (\u00ab Donn\u00e9es \u00bb) que vous avez fournies par l\u2019interm\u00e9diaire de ce site web et qui ont \u00e9t\u00e9 collect\u00e9es par Ar\u00f4me (\u00ab nous \u00bb, \u00ab notre \u00bb) seront trait\u00e9es conform\u00e9ment aux lois et r\u00e8glements applicables. Nous nous [&hellip;]","og_url":"https:\/\/www.sud-expertise.fr\/nl\/privacybeleid\/","og_site_name":"Sud Expertise immobili\u00e8re","article_modified_time":"2025-11-03T11:01:54+00:00","twitter_card":"summary_large_image","twitter_misc":{"Geschatte leestijd":"8 minuten"},"schema":{"@context":"https:\/\/schema.org","@graph":[{"@type":"WebPage","@id":"https:\/\/www.sud-expertise.fr\/nl\/privacybeleid\/","url":"https:\/\/www.sud-expertise.fr\/nl\/privacybeleid\/","name":"Privacybeleid - Sud Expertise immobili\u00e8re","isPartOf":{"@id":"https:\/\/www.sud-expertise.fr\/nl\/#website"},"datePublished":"2025-09-19T12:09:03+00:00","dateModified":"2025-11-03T11:01:54+00:00","breadcrumb":{"@id":"https:\/\/www.sud-expertise.fr\/nl\/privacybeleid\/#breadcrumb"},"inLanguage":"nl-NL","potentialAction":[{"@type":"ReadAction","target":["https:\/\/www.sud-expertise.fr\/nl\/privacybeleid\/"]}]},{"@type":"BreadcrumbList","@id":"https:\/\/www.sud-expertise.fr\/nl\/privacybeleid\/#breadcrumb","itemListElement":[{"@type":"ListItem","position":1,"name":"Accueil","item":"https:\/\/www.sud-expertise.fr\/nl\/"},{"@type":"ListItem","position":2,"name":"Privacybeleid"}]},{"@type":"WebSite","@id":"https:\/\/www.sud-expertise.fr\/nl\/#website","url":"https:\/\/www.sud-expertise.fr\/nl\/","name":"Sud Expertise immobili\u00e8re","description":"","potentialAction":[{"@type":"SearchAction","target":{"@type":"EntryPoint","urlTemplate":"https:\/\/www.sud-expertise.fr\/nl\/?s={search_term_string}"},"query-input":{"@type":"PropertyValueSpecification","valueRequired":true,"valueName":"search_term_string"}}],"inLanguage":"nl-NL"}]}},"_links":{"self":[{"href":"https:\/\/www.sud-expertise.fr\/nl\/wp-json\/wp\/v2\/pages\/8113","targetHints":{"allow":["GET"]}}],"collection":[{"href":"https:\/\/www.sud-expertise.fr\/nl\/wp-json\/wp\/v2\/pages"}],"about":[{"href":"https:\/\/www.sud-expertise.fr\/nl\/wp-json\/wp\/v2\/types\/page"}],"author":[{"embeddable":true,"href":"https:\/\/www.sud-expertise.fr\/nl\/wp-json\/wp\/v2\/users\/1"}],"replies":[{"embeddable":true,"href":"https:\/\/www.sud-expertise.fr\/nl\/wp-json\/wp\/v2\/comments?post=8113"}],"version-history":[{"count":1,"href":"https:\/\/www.sud-expertise.fr\/nl\/wp-json\/wp\/v2\/pages\/8113\/revisions"}],"predecessor-version":[{"id":8115,"href":"https:\/\/www.sud-expertise.fr\/nl\/wp-json\/wp\/v2\/pages\/8113\/revisions\/8115"}],"wp:attachment":[{"href":"https:\/\/www.sud-expertise.fr\/nl\/wp-json\/wp\/v2\/media?parent=8113"}],"curies":[{"name":"wp","href":"https:\/\/api.w.org\/{rel}","templated":true}]}}